{"id":160,"date":"2021-04-05T10:10:02","date_gmt":"2021-04-05T08:10:02","guid":{"rendered":"http:\/\/www.moler.cz\/?page_id=160"},"modified":"2024-10-22T10:29:48","modified_gmt":"2024-10-22T08:29:48","slug":"pneuservis","status":"publish","type":"page","link":"https:\/\/www.moler.cz\/index.php\/pneuservis\/","title":{"rendered":"Pneuservis"},"content":{"rendered":"\n<p>Nab\u00edz\u00edme:<br> P\u0159ezut\u00ed a v\u00fdm\u011bnu pneumatik<br> Hu\u0161t\u011bn\u00ed pneumatik<br> Kontrola tlaku v pneumatik\u00e1ch<br> V\u00fdm\u011bna \u010didel a programov\u00e1n\u00ed TPMS<br> Vyva\u017eov\u00e1n\u00ed pneumatik<br><br>Cen\u00edk platn\u00fd od 1.10.2023<\/p>\n\n\n\n<figure class=\"wp-block-table\"><table><thead><tr><th>P\u0159ezut\u00ed<br>\n(4 kola)<\/th><th>Plechov\u00fd<br>\ndisk<\/th><th>Hlin\u00edkov\u00fd<br>\ndisk<\/th><\/tr><\/thead><tbody><tr><td>Mal\u00e9 auto do 16<strong>\u2033<\/strong><\/td><td>Od 700,-<\/td><td>Od 800,-<\/td><\/tr><tr><td>SUV, Dod\u00e1vka, od 17<strong>\u2033<\/strong><\/td><td>Od 800,-<\/td><td>Od 1000,-<\/td><\/tr><\/tbody><\/table><\/figure>\n\n\n\n<p><strong>vozidla s TPMS(na\u010dten\u00ed \u010didel tlaku pneumatik,pr\u00e1ce s TPMS) + 100k\u010d !!!<\/strong><\/p>\n\n\n\n<figure class=\"wp-block-table\"><table><thead><tr><th>Slu\u017eba<\/th><th>Cena<\/th><\/tr><\/thead><tbody><tr><td>odvrt\u00e1n\u00ed &amp; vyta\u017een\u00ed \u0161roubu<\/td><td>Od 400 K\u010d\/\u0161roub<\/td><\/tr><tr><td>demont\u00e1\u017e, mont\u00e1\u017e kola na vozidlo, vyv\u00e1\u017een\u00ed, z\u00e1va\u017e\u00ed do 16<strong>\u2033<\/strong><\/td><td>500 K\u010d\/sada <\/td><\/tr><tr><td>demont\u00e1\u017e, mont\u00e1\u017e kola na vozidlo, vyv\u00e1\u017een\u00ed, z\u00e1va\u017e\u00ed od 17<strong>\u2033<\/strong>\/SUV<\/td><td>700 K\u010d\/sada<\/td><\/tr><tr><td>uskladn\u011bn\u00ed sady pneu<\/td><td>2OOK\u010d\/sez\u00f3na<\/td><\/tr><tr><td>lepen\u00ed bezdu\u0161ov\u00e9 pneu, knot<\/td><td>Od 200 K\u010d<\/td><\/tr><tr><td>lepen\u00ed du\u0161e<\/td><td>Od 80 K\u010d\/kus<\/td><\/tr><\/tbody><\/table><\/figure>\n\n\n\n<p><\/p>\n","protected":false},"excerpt":{"rendered":"<p>Nab\u00edz\u00edme: P\u0159ezut\u00ed a v\u00fdm\u011bnu pneumatik Hu\u0161t\u011bn\u00ed pneumatik Kontrola tlaku v pneumatik\u00e1ch V\u00fdm\u011bna \u010didel a programov\u00e1n\u00ed TPMS Vyva\u017eov\u00e1n\u00ed pneumatik Cen\u00edk platn\u00fd od 1.10.2023 P\u0159ezut\u00ed (4 kola) [&hellip;]<\/p>\n","protected":false},"author":1,"featured_media":0,"parent":0,"menu_order":0,"comment_status":"closed","ping_status":"closed","template":"","meta":{"footnotes":""},"class_list":["post-160","page","type-page","status-publish","hentry"],"_links":{"self":[{"href":"https:\/\/www.moler.cz\/index.php\/wp-json\/wp\/v2\/pages\/160","targetHints":{"allow":["GET"]}}],"collection":[{"href":"https:\/\/www.moler.cz\/index.php\/wp-json\/wp\/v2\/pages"}],"about":[{"href":"https:\/\/www.moler.cz\/index.php\/wp-json\/wp\/v2\/types\/page"}],"author":[{"embeddable":true,"href":"https:\/\/www.moler.cz\/index.php\/wp-json\/wp\/v2\/users\/1"}],"replies":[{"embeddable":true,"href":"https:\/\/www.moler.cz\/index.php\/wp-json\/wp\/v2\/comments?post=160"}],"version-history":[{"count":16,"href":"https:\/\/www.moler.cz\/index.php\/wp-json\/wp\/v2\/pages\/160\/revisions"}],"predecessor-version":[{"id":490,"href":"https:\/\/www.moler.cz\/index.php\/wp-json\/wp\/v2\/pages\/160\/revisions\/490"}],"wp:attachment":[{"href":"https:\/\/www.moler.cz\/index.php\/wp-json\/wp\/v2\/media?parent=160"}],"curies":[{"name":"wp","href":"https:\/\/api.w.org\/{rel}","templated":true}]}}