{"id":121,"date":"2021-03-26T13:59:48","date_gmt":"2021-03-26T12:59:48","guid":{"rendered":"http:\/\/www.moler.cz\/?page_id=121"},"modified":"2024-10-22T10:28:56","modified_gmt":"2024-10-22T08:28:56","slug":"automaticke-prevodovky","status":"publish","type":"page","link":"https:\/\/www.moler.cz\/index.php\/automaticke-prevodovky\/","title":{"rendered":"Automatick\u00e9 p\u0159evodovky"},"content":{"rendered":"\n<p class=\"has-text-align-left has-normal-font-size\">Nov\u011b&nbsp;nab\u00edz\u00edme na\u0161im z\u00e1kazn\u00edk\u016fm profesion\u00e1ln\u00ed proveden\u00ed kompletn\u00ed&nbsp;v\u00fdm\u011bny olejov\u00e9 n\u00e1pln\u011b automatick\u00fdch p\u0159evodovek. K tomuto \u00fakonu pou\u017e\u00edv\u00e1me modern\u00ed specializovan\u00e9 p\u0159\u00edstroje, kter\u00e9 poskytnou Va\u0161\u00ed automatick\u00e9 p\u0159evodovce maxim\u00e1ln\u00ed p\u00e9\u010di.<\/p>\n\n\n\n<p><\/p>\n\n\n\n<p class=\"has-medium-font-size\"><strong>Pro\u010d u n\u00e1s nechat prov\u00e9st kompletn\u00ed v\u00fdm\u011bnu oleje automatick\u00e9 p\u0159evodovky?<\/strong><\/p>\n\n\n\n<ul id=\"block-4da1b772-8704-4020-8b9a-97f22b1ef593\" class=\"wp-block-list has-normal-font-size\">\n<li>Zabr\u00e1n\u00edte sn\u00ed\u017een\u00ed \u017eivotnosti a zhor\u0161en\u00ed funk\u010dnosti p\u0159evodovky<\/li>\n\n\n\n<li>P\u0159edejdete z\u00e1va\u017en\u00fdm z\u00e1vad\u00e1m a riziku ucp\u00e1n\u00ed citliv\u00e9 mechatroniky<\/li>\n\n\n\n<li>P\u0159i pou\u017eit\u00ed plni\u010dky dos\u00e1hneme 100% v\u00fdm\u011bny cel\u00e9ho objemu olejov\u00e9 n\u00e1pln\u011b<\/li>\n\n\n\n<li>P\u0159edejdete finan\u010dn\u011b n\u00e1ro\u010dn\u00fdm oprav\u00e1m<\/li>\n<\/ul>\n\n\n\n<p class=\"has-medium-font-size\"><strong>Nezanedb\u00e1vejte v\u00fdm\u011bnu oleje v&nbsp;automatick\u00e9 p\u0159evodovce!<\/strong><\/p>\n\n\n\n<p class=\"has-normal-font-size\">Dne\u0161n\u00ed modern\u00ed&nbsp;<strong>automatick\u00e9 p\u0159evodovky<\/strong>&nbsp;jsou daleko slo\u017eit\u011bj\u0161\u00ed a jemn\u011bj\u0161\u00ed za\u0159\u00edzen\u00ed, ne\u017e spalovac\u00ed motory va\u0161ich aut, ve kter\u00fdch si nech\u00e1te v ur\u010dit\u00fdch intervalech m\u011bnit olej zcela automaticky.<\/p>\n\n\n\n<p class=\"has-normal-font-size\"><strong>St\u00e1rnouc\u00ed olej ztr\u00e1c\u00ed sv\u00e9 p\u0159irozen\u00e9 vlastnosti<\/strong>, sni\u017euje se jeho viskozita a hustota, ulp\u00edvaj\u00ed v n\u011bm drobn\u00e9 \u010d\u00e1stice vznikl\u00e9 ot\u011brem pohybliv\u00fdch \u010d\u00e1st\u00ed v automatick\u00e9 p\u0159evodovce a t\u00edm vznik\u00e1 velk\u00e1 pravd\u011bpodobnost&nbsp;<strong>sn\u00ed\u017een\u00ed \u017eivotnosti<\/strong>&nbsp;a&nbsp;<strong>zhor\u0161en\u00ed funk\u010dnosti<\/strong>&nbsp;automatick\u00e9 p\u0159evodovky (r\u00e1zy p\u0159i \u0159azen\u00ed, nepravideln\u00e9 \u0159azen\u00ed apod.). To m\u016f\u017ee v\u00e9st k v\u00e1\u017en\u00e9 z\u00e1vad\u011b nap\u0159\u00edklad na hydrodynamick\u00e9m m\u011bni\u010di momentu, lamelov\u00e9 spojce, planetov\u00e9m soukol\u00ed apod.<\/p>\n\n\n\n<p class=\"has-medium-font-size\"><strong>Proto je t\u0159eba v\u011bnovat v\u00fdm\u011bn\u011b oleje v automatick\u00e9 p\u0159evodovce dostatek pozornosti, a to v pravideln\u00fdch intervalech.<\/strong><\/p>\n\n\n\n<ul class=\"wp-block-list\">\n<li>Doporu\u010den\u00fd interval u nov\u00e9ho vozu je 100 000 km a pot\u00e9 ka\u017ed\u00fdch 60 000 km<\/li>\n<\/ul>\n\n\n\n<p class=\"has-text-color has-medium-font-size\" style=\"color:#f40000\">Upozorn\u011bn\u00ed! Klasick\u00e1 v\u00fdm\u011bna oleje p\u0159in\u00e1\u0161\u00ed riziko n\u00e1sledn\u00e9ho ucp\u00e1n\u00ed<\/p>\n\n\n\n<p class=\"has-normal-font-size\"><strong>P\u0159i<\/strong>&nbsp;<strong>klasick\u00e9 v\u00fdm\u011bn\u011b&nbsp;<\/strong>dojde asi k 50% v\u00fdm\u011bn\u011b olejov\u00e9 n\u00e1pln\u011b. V\u011bt\u0161ina servis\u016f m\u011bn\u00ed olej odpu\u0161t\u011bn\u00edm star\u00e9ho a&nbsp;dolit\u00edm nov\u00e9ho. Tento postup je naprosto \u0161patn\u00fd, proto\u017ee t\u00e9m\u011b\u0159 polovina star\u00e9ho oleje z\u016fstane v&nbsp;p\u0159evodovce a&nbsp;nov\u00fd olej se t\u00edmto znehodnot\u00ed. D\u00e1le je tu velk\u00e9 riziko rozpu\u0161t\u011bn\u00ed usazenin nov\u00fdm olejem a&nbsp;n\u00e1sledn\u00e9mu ucp\u00e1n\u00ed r\u016fzn\u00fdch \u010d\u00e1st\u00ed velmi citliv\u00e9 mechatroniky.<\/p>\n\n\n\n<p class=\"has-medium-font-size\"><strong>V\u00fdhody pou\u017eit\u00ed plni\u010dky<\/strong><\/p>\n\n\n\n<p class=\"has-normal-font-size\"><strong>P\u0159i pou\u017eit\u00ed plni\u010dky se<\/strong> d\u00edky ods\u00e1t\u00ed pou\u017eit\u00e9ho oleje, proplachu a napln\u011bn\u00edm nov\u00e9ho oleje pod tlakem <strong>dos\u00e1hne t\u00e9m\u011b\u0159 ke 100% v\u00fdm\u011bn\u011b cel\u00e9ho objemu olejov\u00e9 n\u00e1pln\u011b p\u0159evodovky.<\/strong> To znamen\u00e1 i chladi\u010de, m\u011bni\u010de momentu a ve\u0161ker\u00fdch olejov\u00fdch veden\u00ed.<\/p>\n\n\n\n<p>Uk\u00e1zka na\u0161\u00ed pr\u00e1ce Dodge challenger 3,6 V6 Jednalo se o prvn\u00ed v\u00fdm\u011bnu oleje<\/p>\n\n\n\n<p><\/p>\n\n\n\n<figure class=\"wp-block-image size-large\"><img loading=\"lazy\" decoding=\"async\" width=\"1920\" height=\"2560\" src=\"https:\/\/www.moler.cz\/wp-content\/uploads\/2021\/04\/img_0991-scaled.jpg\" alt=\"\" class=\"wp-image-163\" srcset=\"https:\/\/www.moler.cz\/wp-content\/uploads\/2021\/04\/img_0991-scaled.jpg 1920w, https:\/\/www.moler.cz\/wp-content\/uploads\/2021\/04\/img_0991-225x300.jpg 225w, https:\/\/www.moler.cz\/wp-content\/uploads\/2021\/04\/img_0991-768x1024.jpg 768w, https:\/\/www.moler.cz\/wp-content\/uploads\/2021\/04\/img_0991-1152x1536.jpg 1152w, https:\/\/www.moler.cz\/wp-content\/uploads\/2021\/04\/img_0991-1536x2048.jpg 1536w, https:\/\/www.moler.cz\/wp-content\/uploads\/2021\/04\/img_0991-600x800.jpg 600w\" sizes=\"auto, (max-width: 1920px) 100vw, 1920px\" \/><figcaption class=\"wp-element-caption\">Star\u00fd filtr<\/figcaption><\/figure>\n\n\n\n<figure class=\"wp-block-image size-large\"><img loading=\"lazy\" decoding=\"async\" width=\"1920\" height=\"2560\" src=\"https:\/\/www.moler.cz\/wp-content\/uploads\/2021\/04\/img_0992-scaled.jpg\" alt=\"\" class=\"wp-image-164\" srcset=\"https:\/\/www.moler.cz\/wp-content\/uploads\/2021\/04\/img_0992-scaled.jpg 1920w, https:\/\/www.moler.cz\/wp-content\/uploads\/2021\/04\/img_0992-225x300.jpg 225w, https:\/\/www.moler.cz\/wp-content\/uploads\/2021\/04\/img_0992-768x1024.jpg 768w, https:\/\/www.moler.cz\/wp-content\/uploads\/2021\/04\/img_0992-1152x1536.jpg 1152w, https:\/\/www.moler.cz\/wp-content\/uploads\/2021\/04\/img_0992-1536x2048.jpg 1536w, https:\/\/www.moler.cz\/wp-content\/uploads\/2021\/04\/img_0992-600x800.jpg 600w\" sizes=\"auto, (max-width: 1920px) 100vw, 1920px\" \/><figcaption class=\"wp-element-caption\">Star\u00fd olej ve van\u011b <\/figcaption><\/figure>\n\n\n\n<figure class=\"wp-block-image size-large\"><img loading=\"lazy\" decoding=\"async\" width=\"2560\" height=\"1920\" src=\"https:\/\/www.moler.cz\/wp-content\/uploads\/2021\/04\/img_0997-scaled.jpg\" alt=\"\" class=\"wp-image-165\" srcset=\"https:\/\/www.moler.cz\/wp-content\/uploads\/2021\/04\/img_0997-scaled.jpg 2560w, https:\/\/www.moler.cz\/wp-content\/uploads\/2021\/04\/img_0997-300x225.jpg 300w, https:\/\/www.moler.cz\/wp-content\/uploads\/2021\/04\/img_0997-1024x768.jpg 1024w, https:\/\/www.moler.cz\/wp-content\/uploads\/2021\/04\/img_0997-768x576.jpg 768w, https:\/\/www.moler.cz\/wp-content\/uploads\/2021\/04\/img_0997-1536x1152.jpg 1536w, https:\/\/www.moler.cz\/wp-content\/uploads\/2021\/04\/img_0997-2048x1536.jpg 2048w, https:\/\/www.moler.cz\/wp-content\/uploads\/2021\/04\/img_0997-600x450.jpg 600w\" sizes=\"auto, (max-width: 2560px) 100vw, 2560px\" \/><figcaption class=\"wp-element-caption\">Star\u00fd a nov\u00fd olej<\/figcaption><\/figure>\n\n\n\n<figure class=\"wp-block-image size-large\"><img loading=\"lazy\" decoding=\"async\" width=\"2560\" height=\"1920\" src=\"https:\/\/www.moler.cz\/wp-content\/uploads\/2021\/04\/img_0999-scaled.jpg\" alt=\"\" class=\"wp-image-166\" srcset=\"https:\/\/www.moler.cz\/wp-content\/uploads\/2021\/04\/img_0999-scaled.jpg 2560w, https:\/\/www.moler.cz\/wp-content\/uploads\/2021\/04\/img_0999-300x225.jpg 300w, https:\/\/www.moler.cz\/wp-content\/uploads\/2021\/04\/img_0999-1024x768.jpg 1024w, https:\/\/www.moler.cz\/wp-content\/uploads\/2021\/04\/img_0999-768x576.jpg 768w, https:\/\/www.moler.cz\/wp-content\/uploads\/2021\/04\/img_0999-1536x1152.jpg 1536w, https:\/\/www.moler.cz\/wp-content\/uploads\/2021\/04\/img_0999-2048x1536.jpg 2048w, https:\/\/www.moler.cz\/wp-content\/uploads\/2021\/04\/img_0999-600x450.jpg 600w\" sizes=\"auto, (max-width: 2560px) 100vw, 2560px\" \/><figcaption class=\"wp-element-caption\">Mont\u00e1\u017e nov\u00e9ho filtru<\/figcaption><\/figure>\n","protected":false},"excerpt":{"rendered":"<p>Nov\u011b&nbsp;nab\u00edz\u00edme na\u0161im z\u00e1kazn\u00edk\u016fm profesion\u00e1ln\u00ed proveden\u00ed kompletn\u00ed&nbsp;v\u00fdm\u011bny olejov\u00e9 n\u00e1pln\u011b automatick\u00fdch p\u0159evodovek. K tomuto \u00fakonu pou\u017e\u00edv\u00e1me modern\u00ed specializovan\u00e9 p\u0159\u00edstroje, kter\u00e9 poskytnou Va\u0161\u00ed automatick\u00e9 p\u0159evodovce maxim\u00e1ln\u00ed p\u00e9\u010di. Pro\u010d [&hellip;]<\/p>\n","protected":false},"author":1,"featured_media":128,"parent":0,"menu_order":0,"comment_status":"closed","ping_status":"closed","template":"","meta":{"footnotes":""},"class_list":["post-121","page","type-page","status-publish","has-post-thumbnail","hentry"],"_links":{"self":[{"href":"https:\/\/www.moler.cz\/index.php\/wp-json\/wp\/v2\/pages\/121","targetHints":{"allow":["GET"]}}],"collection":[{"href":"https:\/\/www.moler.cz\/index.php\/wp-json\/wp\/v2\/pages"}],"about":[{"href":"https:\/\/www.moler.cz\/index.php\/wp-json\/wp\/v2\/types\/page"}],"author":[{"embeddable":true,"href":"https:\/\/www.moler.cz\/index.php\/wp-json\/wp\/v2\/users\/1"}],"replies":[{"embeddable":true,"href":"https:\/\/www.moler.cz\/index.php\/wp-json\/wp\/v2\/comments?post=121"}],"version-history":[{"count":14,"href":"https:\/\/www.moler.cz\/index.php\/wp-json\/wp\/v2\/pages\/121\/revisions"}],"predecessor-version":[{"id":489,"href":"https:\/\/www.moler.cz\/index.php\/wp-json\/wp\/v2\/pages\/121\/revisions\/489"}],"wp:featuredmedia":[{"embeddable":true,"href":"https:\/\/www.moler.cz\/index.php\/wp-json\/wp\/v2\/media\/128"}],"wp:attachment":[{"href":"https:\/\/www.moler.cz\/index.php\/wp-json\/wp\/v2\/media?parent=121"}],"curies":[{"name":"wp","href":"https:\/\/api.w.org\/{rel}","templated":true}]}}