{"id":101,"date":"2021-03-26T05:24:07","date_gmt":"2021-03-26T04:24:07","guid":{"rendered":"http:\/\/www.moler.cz\/?page_id=101"},"modified":"2024-10-22T10:28:40","modified_gmt":"2024-10-22T08:28:40","slug":"autoservis","status":"publish","type":"page","link":"https:\/\/www.moler.cz\/index.php\/autoservis\/","title":{"rendered":"Autoservis"},"content":{"rendered":"<p>N\u00e1\u0161 autoservis se ji\u017e n\u011bkolik\u00e1t\u00fdm rokem zab\u00fdv\u00e1 kompletn\u00edm servisem motor\u016f, podvozk\u016f a ve\u0161ker\u00e9 elektroinstalace na vozidlech v\u0161ech zna\u010dek.<\/p>\n<p>Nab\u00edz\u00edme:<\/p>\n<ul>\n<li>Renovaci sv\u011btlomet\u016f metodou p\u00e1ry 1200 K\u010d\/auto<\/li>\n<li>M\u011b\u0159en\u00ed a n\u00e1sledn\u00fd tisk protokolu stavu autobaterii v\u0161ech typ\u016f 50 K\u010d<\/li>\n<li>Servisn\u00ed prohl\u00eddka 250 K\u010d<br \/>\nKompletn\u00ed servis podvozk\u016f<br \/>\nKompletn\u00ed servis motor\u016f(V\u00fdm\u011bna rozvod\u016f, v\u00fdm\u011bna \u017ehav\u00edc\u00edch sv\u00ed\u010dek, atd..)<\/li>\n<li>Gener\u00e1ln\u00ed opravy motor\u016f(srovn\u00e1n\u00ed, tlakov\u00e1n\u00ed hlav a v\u00fdbrusy blok\u016f prob\u00edhaj\u00ed v partnersk\u00e9m servisu motor\u016f)<br \/>\nPln\u011bn\u00ed a proplach automatick\u00fdch p\u0159evodovek<br \/>\nMont\u00e1\u017e ta\u017en\u00e9ho za\u0159\u00edzen\u00ed(M\u00e1me certifikaci na vet\u0161inu v\u00fdrobc\u016f)<br \/>\nP\u0159\u00edprava vozidel a proveden\u00ed STK od cca 3250 K\u010d<br \/>\nDiagnostika 300k\u010d<br \/>\nN\u00e1st\u0159ik podvozku od cca 5500 K\u010d<\/li>\n<li>a mnoho dal\u0161\u00edho&#8230;<\/li>\n<\/ul>\n","protected":false},"excerpt":{"rendered":"<p>N\u00e1\u0161 autoservis se ji\u017e n\u011bkolik\u00e1t\u00fdm rokem zab\u00fdv\u00e1 kompletn\u00edm servisem motor\u016f, podvozk\u016f a ve\u0161ker\u00e9 elektroinstalace na vozidlech v\u0161ech zna\u010dek. Nab\u00edz\u00edme: Renovaci sv\u011btlomet\u016f metodou p\u00e1ry 1200 K\u010d\/auto [&hellip;]<\/p>\n","protected":false},"author":1,"featured_media":105,"parent":0,"menu_order":0,"comment_status":"closed","ping_status":"closed","template":"","meta":{"footnotes":""},"class_list":["post-101","page","type-page","status-publish","has-post-thumbnail","hentry"],"_links":{"self":[{"href":"https:\/\/www.moler.cz\/index.php\/wp-json\/wp\/v2\/pages\/101","targetHints":{"allow":["GET"]}}],"collection":[{"href":"https:\/\/www.moler.cz\/index.php\/wp-json\/wp\/v2\/pages"}],"about":[{"href":"https:\/\/www.moler.cz\/index.php\/wp-json\/wp\/v2\/types\/page"}],"author":[{"embeddable":true,"href":"https:\/\/www.moler.cz\/index.php\/wp-json\/wp\/v2\/users\/1"}],"replies":[{"embeddable":true,"href":"https:\/\/www.moler.cz\/index.php\/wp-json\/wp\/v2\/comments?post=101"}],"version-history":[{"count":12,"href":"https:\/\/www.moler.cz\/index.php\/wp-json\/wp\/v2\/pages\/101\/revisions"}],"predecessor-version":[{"id":488,"href":"https:\/\/www.moler.cz\/index.php\/wp-json\/wp\/v2\/pages\/101\/revisions\/488"}],"wp:featuredmedia":[{"embeddable":true,"href":"https:\/\/www.moler.cz\/index.php\/wp-json\/wp\/v2\/media\/105"}],"wp:attachment":[{"href":"https:\/\/www.moler.cz\/index.php\/wp-json\/wp\/v2\/media?parent=101"}],"curies":[{"name":"wp","href":"https:\/\/api.w.org\/{rel}","templated":true}]}}